{"id":2425,"date":"2022-04-05T13:40:42","date_gmt":"2022-04-05T11:40:42","guid":{"rendered":"https:\/\/jmkaliningrad.org\/datenschutz\/"},"modified":"2022-04-26T11:22:31","modified_gmt":"2022-04-26T09:22:31","slug":"datenschutz","status":"publish","type":"page","link":"https:\/\/jmkaliningrad.org\/he\/datenschutz\/","title":{"rendered":"\u05ea\u05e0\u05d0\u05d9 \u05e9\u05d9\u05de\u05d5\u05e9"},"content":{"rendered":"\t\t<div data-elementor-type=\"wp-page\" data-elementor-id=\"2425\" class=\"elementor elementor-2425 elementor-2015\" data-elementor-post-type=\"page\">\n\t\t\t\t\t\t<section class=\"elementor-section elementor-top-section elementor-element elementor-element-0a5bd56 elementor-section-boxed elementor-section-height-default elementor-section-height-default\" data-id=\"0a5bd56\" data-element_type=\"section\">\n\t\t\t\t\t\t<div class=\"elementor-container elementor-column-gap-default\">\n\t\t\t\t\t<div class=\"elementor-column elementor-col-100 elementor-top-column elementor-element elementor-element-b6a1828\" data-id=\"b6a1828\" data-element_type=\"column\">\n\t\t\t<div class=\"elementor-widget-wrap elementor-element-populated\">\n\t\t\t\t\t\t<div class=\"elementor-element elementor-element-697f1fd elementor-widget elementor-widget-heading\" data-id=\"697f1fd\" data-element_type=\"widget\" data-widget_type=\"heading.default\">\n\t\t\t\t<div class=\"elementor-widget-container\">\n\t\t\t\t\t<h2 class=\"elementor-heading-title elementor-size-default\">\u05ea\u05e0\u05d0\u05d9 \u05e9\u05d9\u05de\u05d5\u05e9<\/h2>\t\t\t\t<\/div>\n\t\t\t\t<\/div>\n\t\t\t\t\t<\/div>\n\t\t<\/div>\n\t\t\t\t\t<\/div>\n\t\t<\/section>\n\t\t\t\t<section class=\"elementor-section elementor-top-section elementor-element elementor-element-612ab26 elementor-section-boxed elementor-section-height-default elementor-section-height-default\" data-id=\"612ab26\" data-element_type=\"section\">\n\t\t\t\t\t\t<div class=\"elementor-container elementor-column-gap-default\">\n\t\t\t\t\t<div class=\"elementor-column elementor-col-100 elementor-top-column elementor-element elementor-element-de713e4\" data-id=\"de713e4\" data-element_type=\"column\">\n\t\t\t<div class=\"elementor-widget-wrap elementor-element-populated\">\n\t\t\t\t\t\t<div class=\"elementor-element elementor-element-1c81bd7 elementor-widget elementor-widget-text-editor\" data-id=\"1c81bd7\" data-element_type=\"widget\" data-widget_type=\"text-editor.default\">\n\t\t\t\t<div class=\"elementor-widget-container\">\n\t\t\t\t\t\t\t\t\t<p dir=\"rtl\" align=\"right\"><span style=\"font-family: Arial;\"><span lang=\"he-IL\"><b>\u05ea\u05e0\u05d0\u05d9 \u05e9\u05d9\u05de\u05d5\u05e9<\/b><\/span><\/span><\/p><p dir=\"rtl\" align=\"right\"><span style=\"font-family: Arial;\"><span lang=\"he-IL\">\u05d1\u05e8\u05d5\u05db\u05d9\u05dd \u05d4\u05d1\u05d0\u05d9\u05dd \u05dc\u05d0\u05ea\u05e8 \u05d4\u05de\u05d5\u05d6\u05d9\u05d0\u05d5\u05df \u05d1\u05d1\u05d9\u05ea \u05d4\u05db\u05e0\u05e1\u05ea \u05d4\u05d7\u05d3\u05e9 \u05d1\u05e7\u05dc\u05d9\u05e0\u05d9\u05e0\u05d2\u05e8\u05d3 \u2013 \u05de\u05e4\u05e2\u05d9\u05dc\u05ea \u05d0\u05ea\u05e8 \u05d6\u05d4 \u05ea\u05d7\u05ea \u05d4\u05ea\u05d7\u05d5\u05dd <\/span><\/span><span lang=\"de-DE\">jmkaliningrad.org <\/span><span style=\"font-family: Arial;\"><span lang=\"he-IL\">\u05d4\u05d9\u05d0 \u05d0\u05d2\u05d5\u05d3\u05ea \u05d9\u05d4\u05d5\u05d3\u05d9 \u05de\u05d6\u05e8\u05d7 \u05e4\u05e8\u05d5\u05e1\u05d9\u05d4<\/span><\/span><span lang=\"de-DE\">, <\/span><span style=\"font-family: Arial;\"><span lang=\"he-IL\">\u05d4\u05d0\u05d7\u05e8\u05d0\u05d9\u05ea \u05d2\u05dd \u05e2\u05dc \u05d4\u05d2\u05e9\u05de\u05ea \u05d4\u05ea\u05e2\u05e8\u05d5\u05db\u05d4 \u05e2\u05dc \u05ea\u05d5\u05dc\u05d3\u05d5\u05ea \u05d4\u05d9\u05d4\u05d5\u05d3\u05d9\u05dd \u05d1\u05d1\u05d9\u05ea \u05d4\u05db\u05e0\u05e1\u05ea \u05d1\u05e7\u05dc\u05d9\u05e0\u05d9\u05e0\u05d2\u05e8\u05d3<\/span><\/span><span lang=\"de-DE\">.<\/span><\/p><p dir=\"rtl\" align=\"right\"><span style=\"font-family: Arial;\"><span lang=\"he-IL\">\u05d4\u05e6\u05d4\u05e8\u05d4 \u05d6\u05d5 \u05d7\u05dc\u05d4 \u05d2\u05dd \u05e2\u05dc \u05d0\u05ea\u05e8\u05d9 \u05d4\u05d0\u05d9\u05e0\u05d8\u05e8\u05e0\u05d8 \u05d4\u05de\u05e1\u05e4\u05e7\u05d9\u05dd \u05de\u05d9\u05d3\u05e2 \u05de\u05e7\u05d5\u05d5\u05df \u05d1\u05d0\u05e8\u05d1\u05e2 \u05e9\u05e4\u05d5\u05ea \u05d1\u05ea\u05e2\u05e8\u05d5\u05db\u05d4<\/span><\/span><span lang=\"de-DE\">.<\/span><span lang=\"de-DE\">Copyright<\/span><\/p><p dir=\"rtl\" align=\"right\"><span style=\"font-family: Arial;\"><span lang=\"he-IL\">\u05d4\u05ea\u05d5\u05db\u05df \u05d5\u05d4\u05d4\u05d9\u05e9\u05d2\u05d9\u05dd \u05d4\u05d9\u05e6\u05d9\u05e8\u05ea\u05d9\u05d9\u05dd \u05e9\u05dc \u05d4\u05d0\u05ea\u05e8 \u05db\u05e4\u05d5\u05e4\u05d9\u05dd \u05dc\u05d6\u05db\u05d5\u05d9\u05d5\u05ea \u05d4\u05d9\u05d5\u05e6\u05e8\u05d9\u05dd \u05e9\u05dc \u05d4\u05e2\u05de\u05d5\u05ea\u05d4 \u05d5\u05e9\u05dc \u05de\u05e4\u05d9\u05e7\u05d9 \u05d4\u05ea\u05e2\u05e8\u05d5\u05db\u05d4<\/span><\/span><span lang=\"de-DE\">, <\/span><span style=\"font-family: Arial;\"><span lang=\"he-IL\">\u05d0\u05dc\u05d0 \u05d0\u05dd \u05e6\u05d5\u05d9\u05df \u05d1\u05de\u05e4\u05d5\u05e8\u05e9 \u05de\u05e7\u05d5\u05e8 \u05d0\u05d7\u05e8<\/span><\/span><\/p><p dir=\"rtl\" align=\"right\"><span style=\"font-family: Arial;\"><span lang=\"he-IL\"><b>\u05d4\u05d2\u05e0\u05ea \u05de\u05d9\u05d3\u05e2 <\/b><\/span><\/span><span lang=\"de-DE\"><b>&#8211; <\/b><\/span><span style=\"font-family: Arial;\"><span lang=\"he-IL\"><b>\u05e4\u05e8\u05d8\u05d9\u05d5\u05ea<\/b><\/span><\/span><\/p><p dir=\"rtl\" align=\"right\"><span style=\"font-family: Arial;\"><span lang=\"he-IL\">\u05d4\u05de\u05e4\u05e2\u05d9\u05dc\u05d4 \u05de\u05db\u05d1\u05d3\u05ea \u05d0\u05ea \u05e4\u05e8\u05d8\u05d9\u05d5\u05ea \u05d4\u05de\u05d1\u05e7\u05e8\u05d9\u05dd \u05d5\u05d4\u05de\u05e9\u05ea\u05de\u05e9\u05d9\u05dd \u05d1\u05d0\u05ea\u05e8<\/span><\/span><span lang=\"de-DE\">. <\/span><span style=\"font-family: Arial;\"><span lang=\"he-IL\">\u05e7\u05d9\u05d9\u05de\u05ea \u05d4\u05e6\u05d4\u05e8\u05ea \u05d4\u05d2\u05e0\u05d4 \u05e2\u05dc \u05de\u05d9\u05d3\u05e2 \u05d1\u05d4\u05ea\u05d0\u05dd \u05dc\u05d7\u05d5\u05e7 \u05d4\u05d2\u05e8\u05de\u05e0\u05d9 \u05d5\u05d4\u05d0\u05d9\u05e8\u05d5\u05e4\u05d9 \u05d1\u05d2\u05e8\u05e1\u05d4 \u05d4\u05d2\u05e8\u05de\u05e0\u05d9\u05ea \u05e9\u05dc \u05d0\u05ea\u05e8 \u05d6\u05d4<\/span><\/span><span lang=\"de-DE\">.<\/span><\/p><p dir=\"rtl\" align=\"right\"><span style=\"font-family: Arial;\"><span lang=\"he-IL\">\u05d6\u05d0\u05ea \u05de\u05e6\u05d9\u05d9\u05e0\u05ea \u05db\u05d9 \u05e0\u05ea\u05d5\u05e0\u05d9\u05dd \u05d0\u05d9\u05e9\u05d9\u05d9\u05dd \u05e0\u05d5\u05e6\u05e8\u05d9\u05dd \u05d1\u05e2\u05ea \u05d4\u05e9\u05d9\u05de\u05d5\u05e9 \u05d1\u05d0\u05ea\u05e8 \u05d6\u05d4 \u05d5\u05db\u05d9\u05e6\u05d3 \u05d6\u05d4 \u05de\u05d8\u05d5\u05e4\u05dc<\/span><\/span><span lang=\"de-DE\">.<\/span><\/p><p dir=\"rtl\" align=\"right\"><span style=\"font-family: Arial;\"><span lang=\"he-IL\">\u05e0\u05ea\u05d5\u05e0\u05d9\u05dd \u05d0\u05dc\u05d4 \u05e0\u05d0\u05e1\u05e4\u05d9\u05dd \u05d1\u05d0\u05d5\u05e4\u05df \u05d0\u05d5\u05d8\u05d5\u05de\u05d8\u05d9 \u05d0\u05d5<\/span><\/span><span lang=\"de-DE\">, <\/span><span style=\"font-family: Arial;\"><span lang=\"he-IL\">\u05d1\u05de\u05e7\u05e8\u05d4 \u05e9\u05dc \u05e2\u05d5\u05d2\u05d9\u05d5\u05ea<\/span><\/span><span lang=\"de-DE\">, <\/span><span style=\"font-family: Arial;\"><span lang=\"he-IL\">\u05dc\u05d0\u05d7\u05e8 \u05d4\u05e1\u05db\u05de\u05ea\u05da \u05e2\u05dc \u05d9\u05d3\u05d9 \u05de\u05e2\u05e8\u05db\u05d5\u05ea \u05d4<\/span><\/span><span lang=\"de-DE\">&#8211;<\/span><span lang=\"de-DE\">IT<\/span> <span style=\"font-family: Arial;\"><span lang=\"he-IL\">\u05e9\u05dc\u05e0\u05d5 \u05d1\u05e2\u05ea \u05d1\u05d9\u05e7\u05d5\u05e8\u05da \u05d1\u05d0\u05ea\u05e8<\/span><\/span><span lang=\"de-DE\">. <\/span><span style=\"font-family: Arial;\"><span lang=\"he-IL\">\u05de\u05d3\u05d5\u05d1\u05e8 \u05d1\u05e2\u05d9\u05e7\u05e8 \u05d1\u05e0\u05ea\u05d5\u05e0\u05d9\u05dd \u05d8\u05db\u05e0\u05d9\u05d9\u05dd <\/span><\/span><span lang=\"de-DE\">(<\/span><span style=\"font-family: Arial;\"><span lang=\"he-IL\">\u05dc\u05de\u05e9\u05dc \u05d3\u05e4\u05d3\u05e4\u05df \u05d0\u05d9\u05e0\u05d8\u05e8\u05e0\u05d8<\/span><\/span><span lang=\"de-DE\">, <\/span><span style=\"font-family: Arial;\"><span lang=\"he-IL\">\u05de\u05e2\u05e8\u05db\u05ea \u05d4\u05e4\u05e2\u05dc\u05d4 \u05d0\u05d5 \u05d6\u05de\u05df \u05ea\u05e6\u05d5\u05d2\u05ea \u05d4\u05d3\u05e3<\/span><\/span><span lang=\"de-DE\">).<\/span><\/p><p dir=\"rtl\" align=\"right\"><span style=\"font-family: Arial;\"><span lang=\"he-IL\">\u05d4\u05de\u05d8\u05e8\u05d4 \u05d4\u05d9\u05d0 \u05dc\u05d4\u05d1\u05d8\u05d9\u05d7 \u05d0\u05e1\u05e4\u05e7\u05d4 \u200b\u200b\u05dc\u05dc\u05d0 \u05e9\u05d2\u05d9\u05d0\u05d5\u05ea \u05e9\u05dc \u05d4\u05d0\u05ea\u05e8 \u05d5\u05dc\u05e0\u05ea\u05d7 \u05d0\u05ea \u05d4\u05ea\u05e0\u05d4\u05d2\u05d5\u05ea \u05d4\u05de\u05e9\u05ea\u05de\u05e9\u05d9\u05dd<\/span><\/span><span lang=\"de-DE\">.<\/span><\/p><p dir=\"rtl\" align=\"right\"><span style=\"font-family: Arial;\"><span lang=\"he-IL\">\u05dc\u05de\u05d1\u05e7\u05e8 \u05d1\u05d0\u05ea\u05e8 \u05d4\u05d6\u05db\u05d5\u05ea \u05dc\u05e7\u05d1\u05dc \u05de\u05d0\u05d9\u05e9 \u05e7\u05e9\u05e8 \u05d0\u05ea \u05db\u05dc \u05d4\u05de\u05d9\u05d3\u05e2 \u05e2\u05dc \u05e1\u05d5\u05d2 \u05d4\u05e0\u05ea\u05d5\u05e0\u05d9\u05dd<\/span><\/span><span lang=\"de-DE\">, <\/span><span style=\"font-family: Arial;\"><span lang=\"he-IL\">\u05d4\u05d9\u05e7\u05e4\u05dd \u05d5\u05de\u05d8\u05e8\u05ea\u05dd<\/span><\/span><span lang=\"de-DE\">. <\/span><span style=\"font-family: Arial;\"><span lang=\"he-IL\">\u05db\u05de\u05d5 \u05db\u05df<\/span><\/span><span lang=\"de-DE\">, <\/span><span style=\"font-family: Arial;\"><span lang=\"he-IL\">\u05d9\u05e9 \u05dc\u05d5 \u05d4\u05d6\u05db\u05d5\u05ea \u05dc\u05d1\u05e7\u05e9 \u05d0\u05ea \u05d4\u05d2\u05d1\u05dc\u05ea \u05d4\u05e9\u05d9\u05de\u05d5\u05e9 \u05d5\u05de\u05d7\u05d9\u05e7\u05ea \u05d4\u05e0\u05ea\u05d5\u05e0\u05d9\u05dd \u05d4\u05dc\u05dc\u05d5<\/span><\/span><span lang=\"de-DE\">.<\/span><\/p><p dir=\"rtl\" align=\"right\"><span style=\"font-family: Arial;\"><span lang=\"he-IL\">\u05d1\u05d0\u05d5\u05e4\u05df \u05db\u05dc\u05dc\u05d9<\/span><\/span><span lang=\"de-DE\">, <\/span><span style=\"font-family: Arial;\"><span lang=\"he-IL\">\u05d9\u05d9\u05ea\u05db\u05e0\u05d5 \u05e4\u05e2\u05e8\u05d9 \u05d0\u05d1\u05d8\u05d7\u05d4 \u05d1\u05d4\u05e2\u05d1\u05e8\u05ea \u05e0\u05ea\u05d5\u05e0\u05d9\u05dd \u05d3\u05e8\u05da \u05d4\u05d0\u05d9\u05e0\u05d8\u05e8\u05e0\u05d8<\/span><\/span><span lang=\"de-DE\">. <\/span><span style=\"font-family: Arial;\"><span lang=\"he-IL\">\u05d4\u05d2\u05e0\u05d4 \u05de\u05dc\u05d0\u05d4 \u05e2\u05dc \u05d4\u05e0\u05ea\u05d5\u05e0\u05d9\u05dd \u05de\u05e4\u05e0\u05d9 \u05d2\u05d9\u05e9\u05d4 \u05e9\u05dc \u05e6\u05d3\u05d3\u05d9\u05dd \u05e9\u05dc\u05d9\u05e9\u05d9\u05d9\u05dd \u05d0\u05d9\u05e0\u05d4 \u05d0\u05e4\u05e9\u05e8\u05d9\u05ea \u05d1\u05de\u05d4\u05dc\u05da \u05d4\u05e9\u05d9\u05d3\u05d5\u05e8<\/span><\/span><span lang=\"de-DE\">.<\/span><\/p><p dir=\"rtl\" align=\"right\"><span style=\"font-family: Arial;\"><span lang=\"he-IL\">\u05e2\u05dc \u05de\u05e0\u05ea \u05dc\u05d4\u05d1\u05d8\u05d9\u05d7 \u05d0\u05ea \u05d4\u05d4\u05d2\u05e0\u05d4 \u05e2\u05dc \u05d4\u05e0\u05ea\u05d5\u05e0\u05d9\u05dd \u05d4\u05de\u05d0\u05d5\u05d7\u05e1\u05e0\u05d9\u05dd<\/span><\/span><span lang=\"de-DE\">, <\/span><span style=\"font-family: Arial;\"><span lang=\"he-IL\">\u05d7\u05d1\u05e8\u05ea \u05d4\u05d0\u05d7\u05e1\u05d5\u05df <\/span><\/span><span lang=\"de-DE\">All-Inkl<\/span><span lang=\"de-DE\">. <\/span><span style=\"font-family: Arial;\"><span lang=\"he-IL\">\u05e0\u05d7\u05ea\u05dd \u05d7\u05d5\u05d6\u05d4 \u05dc\u05e2\u05d9\u05d1\u05d5\u05d3 \u05d4\u05d6\u05de\u05e0\u05d5\u05ea <\/span><\/span><span lang=\"de-DE\">(<\/span><span lang=\"de-DE\">AVV<\/span><span lang=\"de-DE\">).<\/span><\/p><p dir=\"rtl\" align=\"right\"><span style=\"font-family: Arial;\"><span lang=\"he-IL\">\u05d4\u05d0\u05ea\u05e8 \u05de\u05ea\u05d0\u05e8\u05d7 \u05e2\u05dc \u05d9\u05d3\u05d9 \u05d4\u05e1\u05e4\u05e7 <\/span><\/span><span lang=\"de-DE\">ALL-INKL.COM \u2013 Neue Medien M\u00fcnnich<\/span><span lang=\"de-DE\">, <\/span><span style=\"font-family: Arial;\"><span lang=\"he-IL\">\u05d4\u05d1\u05e2\u05dc\u05d9\u05dd <\/span><\/span><span lang=\"de-DE\">Ren\u00e9 M\u00fcnnich, Hauptstra\u00dfe 68, 02742 Friedersdorf, Germany<\/span><span lang=\"de-DE\">. <\/span><span style=\"font-family: Arial;\"><span lang=\"he-IL\">\u05e0\u05d9\u05ea\u05df \u05dc\u05de\u05e6\u05d5\u05d0 \u05e4\u05e8\u05d8\u05d9\u05dd \u05d1\u05d4\u05e6\u05d4\u05e8\u05ea \u05d4\u05d2\u05e0\u05ea \u05d4\u05de\u05d9\u05d3\u05e2 \u05e9\u05dc <\/span><\/span><span lang=\"de-DE\">All-Incl<\/span><span lang=\"de-DE\">:<\/span><\/p><p dir=\"rtl\" align=\"right\"><span lang=\"de-DE\">https:\/\/all-inkl.com\/datenschutzinformationen\/<\/span><\/p><p dir=\"rtl\" align=\"right\"><span style=\"font-family: Arial;\"><span lang=\"he-IL\">\u05d4\u05d7\u05d5\u05d6\u05d4 \u05d4\u05e0\u05d3\u05e8\u05e9 \u05e2\u05dc \u05e4\u05d9 \u05d7\u05d5\u05e7 \u05d4\u05d2\u05e0\u05ea \u05d4\u05de\u05d9\u05d3\u05e2 \u05de\u05d1\u05d8\u05d9\u05d7 \u05e9\u05de\u05e4\u05e2\u05d9\u05dc\u05ea \u05d4\u05d0\u05ea\u05e8 \u05ea\u05e2\u05d1\u05d3 \u05d0\u05ea \u05d4\u05e0\u05ea\u05d5\u05e0\u05d9\u05dd \u05d4\u05d0\u05d9\u05e9\u05d9\u05d9\u05dd \u05e9\u05dc \u05de\u05d1\u05e7\u05e8\u05d9 \u05d4\u05d0\u05ea\u05e8 \u05e8\u05e7 \u05d1\u05d4\u05ea\u05d0\u05dd \u05dc\u05d4\u05e0\u05d7\u05d9\u05d5\u05ea \u05e9\u05dc\u05e0\u05d5 \u05d5\u05d1\u05d4\u05ea\u05d0\u05dd \u05dc<\/span><\/span><span lang=\"de-DE\">&#8211;<\/span><span lang=\"de-DE\">GDPR<\/span><span lang=\"de-DE\"> (<\/span><span style=\"font-family: Arial;\"><span lang=\"he-IL\">\u05ea\u05e7\u05e0\u05d4<\/span><\/span><span lang=\"de-DE\">).<\/span><\/p><p dir=\"rtl\" align=\"right\"><span style=\"font-family: Arial;\"><span lang=\"he-IL\">\u05dc\u05de\u05e9\u05ea\u05de\u05e9 \u05d4\u05d6\u05db\u05d5\u05ea \u05dc\u05e7\u05d1\u05dc \u05de\u05d9\u05d3\u05e2 \u05e2\u05dc \u05e1\u05d5\u05d2 \u05d5\u05de\u05d8\u05e8\u05ea \u05d4\u05e0\u05ea\u05d5\u05e0\u05d9\u05dd \u05d4\u05d0\u05d9\u05e9\u05d9\u05d9\u05dd \u05d4\u05de\u05d0\u05d5\u05d7\u05e1\u05e0\u05d9\u05dd \u05e9\u05dc\u05d5 \u05d1\u05db\u05dc \u05e2\u05ea<\/span><\/span><span lang=\"de-DE\">. <\/span><span style=\"font-family: Arial;\"><span lang=\"he-IL\">\u05db\u05de\u05d5 \u05db\u05df \u05e7\u05d9\u05d9\u05de\u05ea \u05d4\u05d6\u05db\u05d5\u05ea \u05dc\u05d1\u05e7\u05e9 \u05ea\u05d9\u05e7\u05d5\u05df \u05d0\u05d5 \u05de\u05d7\u05d9\u05e7\u05d4 \u05e9\u05dc \u05e0\u05ea\u05d5\u05e0\u05d9\u05dd \u05d0\u05dc\u05d5<\/span><\/span><span lang=\"de-DE\">. <\/span><span style=\"font-family: Arial;\"><span lang=\"he-IL\">\u05d4\u05e1\u05db\u05de\u05d4 \u05dc\u05e2\u05d9\u05d1\u05d5\u05d3 \u05e0\u05ea\u05d5\u05e0\u05d9\u05dd \u05e0\u05d9\u05ea\u05e0\u05ea \u05dc\u05d1\u05d9\u05d8\u05d5\u05dc \u05d1\u05db\u05dc \u05e2\u05ea \u05dc\u05e2\u05ea\u05d9\u05d3<\/span><\/span><span lang=\"de-DE\">. <\/span><span style=\"font-family: Arial;\"><span lang=\"he-IL\">\u05d9\u05e9 \u05dc\u05da \u05d2\u05dd \u05d0\u05ea \u05d4\u05d6\u05db\u05d5\u05ea \u05dc\u05d4\u05d2\u05d9\u05e9 \u05ea\u05dc\u05d5\u05e0\u05d4 \u05dc\u05e8\u05e9\u05d5\u05ea \u05d4\u05e4\u05d9\u05e7\u05d5\u05d7 \u05d4\u05de\u05d5\u05e1\u05de\u05db\u05ea<\/span><\/span><span lang=\"de-DE\">.<\/span><\/p><p dir=\"rtl\" align=\"right\"><span style=\"font-family: Arial;\"><span lang=\"he-IL\">\u05d0\u05ea\u05d4 \u05d9\u05db\u05d5\u05dc \u05dc\u05e4\u05e0\u05d5\u05ea \u05dc\u05de\u05e4\u05e2\u05d9\u05dc \u05d1\u05db\u05dc \u05e2\u05ea \u05d0\u05dd \u05d9\u05e9 \u05dc\u05da \u05e9\u05d0\u05dc\u05d5\u05ea \u05e0\u05d5\u05e1\u05e4\u05d5\u05ea \u05d1\u05e0\u05d5\u05e9\u05d0 \u05d4\u05d2\u05e0\u05ea \u05de\u05d9\u05d3\u05e2<\/span><\/span><span lang=\"de-DE\">.<\/span><\/p><p dir=\"rtl\" align=\"right\"><span style=\"font-family: Arial;\"><span lang=\"he-IL\">\u05de\u05e4\u05e2\u05d9\u05dc\u05ea \u05d4\u05d0\u05ea\u05e8<\/span><\/span><span lang=\"de-DE\">, <\/span><span style=\"font-family: Arial;\"><span lang=\"he-IL\">\u05d0\u05d7\u05e8\u05d0\u05d9\u05ea \u05dc\u05d4\u05d2\u05e0\u05ea \u05de\u05d9\u05d3\u05e2<\/span><\/span><span lang=\"de-DE\">:<\/span><\/p><p><span lang=\"de-DE\">Juden in Ostpreussen, Verein f\u00fcr Geschichte und Kultur e.V.<br \/>Friedrichstr. 95<br \/>10117 Berlin<br \/>Germany<\/span><\/p><p dir=\"rtl\" align=\"right\"><span style=\"font-family: Arial;\"><span lang=\"he-IL\">\u05d0\u05d9\u05e9 \u05e7\u05e9\u05e8<\/span><\/span><span lang=\"de-DE\">: <\/span><span style=\"font-family: Arial;\"><span lang=\"he-IL\">\u05de\u05db\u05d0\u05dc \u05dc\u05d9\u05d9\u05d6\u05e8\u05d5\u05d1\u05d9\u05e5<\/span><\/span><span lang=\"de-DE\"><br \/><\/span><span style=\"font-family: Arial;\"><span lang=\"he-IL\">\u05d3\u05d5\u05d0<\/span><\/span><span lang=\"de-DE\">&quot;<\/span><span style=\"font-family: Arial;\"><span lang=\"he-IL\">\u05dc<\/span><\/span><span lang=\"de-DE\">: <\/span><span lang=\"de-DE\">dataprotection@jewsineastprussia.de<\/span><\/p><p dir=\"rtl\" align=\"right\"><a name=\"_GoBack\"><\/a> <span style=\"font-family: Arial;\"><span lang=\"he-IL\">\u05dc\u05e4\u05e8\u05d8\u05d9\u05dd \u05de\u05e8\u05d7\u05d9\u05e7\u05d9 \u05dc\u05db\u05ea \u05e2\u05dd \u05e4\u05e8\u05d8\u05d9\u05dd \u05e2\u05dc \u05d4\u05d1\u05e1\u05d9\u05e1 \u05d4\u05de\u05e9\u05e4\u05d8\u05d9<\/span><\/span><span lang=\"de-DE\">, <\/span><span style=\"font-family: Arial;\"><span lang=\"he-IL\">\u05d0\u05e0\u05d0 \u05e2\u05d1\u05e8\u05d5 \u05dc\u05d0\u05ea\u05e8 \u05e9\u05dc\u05e0\u05d5 \u05d1\u05e9\u05e4\u05d4 \u05d4\u05d2\u05e8\u05de\u05e0\u05d9\u05ea \u05ea\u05d7\u05ea <\/span><\/span><span lang=\"de-DE\">&quot;<\/span><span lang=\"de-DE\">Datenschutz<\/span><span lang=\"de-DE\">&quot; (<\/span><span style=\"font-family: Arial;\"><span lang=\"he-IL\">\u05d4\u05d2\u05e0\u05ea \u05de\u05d9\u05d3\u05e2<\/span><\/span><span lang=\"de-DE\">).<\/span><\/p>\t\t\t\t\t\t\t\t<\/div>\n\t\t\t\t<\/div>\n\t\t\t\t\t<\/div>\n\t\t<\/div>\n\t\t\t\t\t<\/div>\n\t\t<\/section>\n\t\t\t\t<\/div>\n\t\t","protected":false},"excerpt":{"rendered":"<p>\u05ea\u05e0\u05d0\u05d9 \u05e9\u05d9\u05de\u05d5\u05e9 \u05ea\u05e0\u05d0\u05d9 \u05e9\u05d9\u05de\u05d5\u05e9 \u05d1\u05e8\u05d5\u05db\u05d9\u05dd \u05d4\u05d1\u05d0\u05d9\u05dd \u05dc\u05d0\u05ea\u05e8 \u05d4\u05de\u05d5\u05d6\u05d9\u05d0\u05d5\u05df \u05d1\u05d1\u05d9\u05ea \u05d4\u05db\u05e0\u05e1\u05ea \u05d4\u05d7\u05d3\u05e9 \u05d1\u05e7\u05dc\u05d9\u05e0\u05d9\u05e0\u05d2\u05e8\u05d3 \u2013 \u05de\u05e4\u05e2\u05d9\u05dc\u05ea \u05d0\u05ea\u05e8 \u05d6\u05d4 \u05ea\u05d7\u05ea \u05d4\u05ea\u05d7\u05d5\u05dd jmkaliningrad.org \u05d4\u05d9\u05d0 \u05d0\u05d2\u05d5\u05d3\u05ea \u05d9\u05d4\u05d5\u05d3\u05d9 \u05de\u05d6\u05e8\u05d7 \u05e4\u05e8\u05d5\u05e1\u05d9\u05d4, \u05d4\u05d0\u05d7\u05e8\u05d0\u05d9\u05ea \u05d2\u05dd \u05e2\u05dc \u05d4\u05d2\u05e9\u05de\u05ea \u05d4\u05ea\u05e2\u05e8\u05d5\u05db\u05d4 \u05e2\u05dc \u05ea\u05d5\u05dc\u05d3\u05d5\u05ea \u05d4\u05d9\u05d4\u05d5\u05d3\u05d9\u05dd \u05d1\u05d1\u05d9\u05ea \u05d4\u05db\u05e0\u05e1\u05ea \u05d1\u05e7\u05dc\u05d9\u05e0\u05d9\u05e0\u05d2\u05e8\u05d3. \u05d4\u05e6\u05d4\u05e8\u05d4 \u05d6\u05d5 \u05d7\u05dc\u05d4 \u05d2\u05dd \u05e2\u05dc \u05d0\u05ea\u05e8\u05d9 \u05d4\u05d0\u05d9\u05e0\u05d8\u05e8\u05e0\u05d8 \u05d4\u05de\u05e1\u05e4\u05e7\u05d9\u05dd \u05de\u05d9\u05d3\u05e2 \u05de\u05e7\u05d5\u05d5\u05df \u05d1\u05d0\u05e8\u05d1\u05e2 \u05e9\u05e4\u05d5\u05ea \u05d1\u05ea\u05e2\u05e8\u05d5\u05db\u05d4.Copyright \u05d4\u05ea\u05d5\u05db\u05df \u05d5\u05d4\u05d4\u05d9\u05e9\u05d2\u05d9\u05dd \u05d4\u05d9\u05e6\u05d9\u05e8\u05ea\u05d9\u05d9\u05dd \u05e9\u05dc \u05d4\u05d0\u05ea\u05e8 \u05db\u05e4\u05d5\u05e4\u05d9\u05dd \u05dc\u05d6\u05db\u05d5\u05d9\u05d5\u05ea [&hellip;]<\/p>\n","protected":false},"author":4,"featured_media":0,"parent":0,"menu_order":0,"comment_status":"closed","ping_status":"closed","template":"","meta":{"footnotes":""},"class_list":["post-2425","page","type-page","status-publish","hentry"],"_links":{"self":[{"href":"https:\/\/jmkaliningrad.org\/he\/wp-json\/wp\/v2\/pages\/2425","targetHints":{"allow":["GET"]}}],"collection":[{"href":"https:\/\/jmkaliningrad.org\/he\/wp-json\/wp\/v2\/pages"}],"about":[{"href":"https:\/\/jmkaliningrad.org\/he\/wp-json\/wp\/v2\/types\/page"}],"author":[{"embeddable":true,"href":"https:\/\/jmkaliningrad.org\/he\/wp-json\/wp\/v2\/users\/4"}],"replies":[{"embeddable":true,"href":"https:\/\/jmkaliningrad.org\/he\/wp-json\/wp\/v2\/comments?post=2425"}],"version-history":[{"count":4,"href":"https:\/\/jmkaliningrad.org\/he\/wp-json\/wp\/v2\/pages\/2425\/revisions"}],"predecessor-version":[{"id":2429,"href":"https:\/\/jmkaliningrad.org\/he\/wp-json\/wp\/v2\/pages\/2425\/revisions\/2429"}],"wp:attachment":[{"href":"https:\/\/jmkaliningrad.org\/he\/wp-json\/wp\/v2\/media?parent=2425"}],"curies":[{"name":"wp","href":"https:\/\/api.w.org\/{rel}","templated":true}]}}