{"id":27,"date":"2022-02-15T11:07:48","date_gmt":"2022-02-15T10:07:48","guid":{"rendered":"https:\/\/jmkaliningrad.org\/?page_id=27"},"modified":"2022-12-04T19:51:25","modified_gmt":"2022-12-04T18:51:25","slug":"info-2","status":"publish","type":"page","link":"https:\/\/jmkaliningrad.org\/de\/info-2\/","title":{"rendered":"Info"},"content":{"rendered":"\t\t<div data-elementor-type=\"wp-page\" data-elementor-id=\"27\" class=\"elementor elementor-27\" data-elementor-post-type=\"page\">\n\t\t\t\t\t\t<section class=\"elementor-section elementor-top-section elementor-element elementor-element-af1bcc3 elementor-section-boxed elementor-section-height-default elementor-section-height-default\" data-id=\"af1bcc3\" data-element_type=\"section\" data-settings=\"{&quot;background_background&quot;:&quot;classic&quot;}\">\n\t\t\t\t\t\t<div class=\"elementor-container elementor-column-gap-default\">\n\t\t\t\t\t<div class=\"elementor-column elementor-col-100 elementor-top-column elementor-element elementor-element-f2cd4c4\" data-id=\"f2cd4c4\" data-element_type=\"column\">\n\t\t\t<div class=\"elementor-widget-wrap elementor-element-populated\">\n\t\t\t\t\t\t<div class=\"elementor-element elementor-element-0681ff1 elementor-widget elementor-widget-heading\" data-id=\"0681ff1\" data-element_type=\"widget\" data-widget_type=\"heading.default\">\n\t\t\t\t<div class=\"elementor-widget-container\">\n\t\t\t\t\t<h1 class=\"elementor-heading-title elementor-size-default\">Museum Neue<br>\nSynagoge<br>\nKaliningrad<br><\/h1>\t\t\t\t<\/div>\n\t\t\t\t<\/div>\n\t\t\t\t<section class=\"elementor-section elementor-inner-section elementor-element elementor-element-99330c0 elementor-section-boxed elementor-section-height-default elementor-section-height-default\" data-id=\"99330c0\" data-element_type=\"section\">\n\t\t\t\t\t\t<div class=\"elementor-container elementor-column-gap-default\">\n\t\t\t\t\t<div class=\"elementor-column elementor-col-33 elementor-inner-column elementor-element elementor-element-70637d2\" data-id=\"70637d2\" data-element_type=\"column\">\n\t\t\t<div class=\"elementor-widget-wrap elementor-element-populated\">\n\t\t\t\t\t\t<div class=\"elementor-element elementor-element-356dc98 elementor-widget elementor-widget-heading\" data-id=\"356dc98\" data-element_type=\"widget\" data-widget_type=\"heading.default\">\n\t\t\t\t<div class=\"elementor-widget-container\">\n\t\t\t\t\t<h2 class=\"elementor-heading-title elementor-size-default\">\u00d6ffnungszeiten: <\/h2>\t\t\t\t<\/div>\n\t\t\t\t<\/div>\n\t\t\t\t<div class=\"elementor-element elementor-element-ffa4292 elementor-widget elementor-widget-text-editor\" data-id=\"ffa4292\" data-element_type=\"widget\" data-widget_type=\"text-editor.default\">\n\t\t\t\t<div class=\"elementor-widget-container\">\n\t\t\t\t\t\t\t\t\tSonntag &#8211; Donnerstag<br>\n10 -18 Uhr<br>\nFreitag<br>\n10 &#8211; 14 Uhr<br>\nSamstag geschlossen\t\t\t\t\t\t\t\t<\/div>\n\t\t\t\t<\/div>\n\t\t\t\t<div class=\"elementor-element elementor-element-ce300ab elementor-widget elementor-widget-heading\" data-id=\"ce300ab\" data-element_type=\"widget\" data-widget_type=\"heading.default\">\n\t\t\t\t<div class=\"elementor-widget-container\">\n\t\t\t\t\t<h2 class=\"elementor-heading-title elementor-size-default\">Eintritt: <\/h2>\t\t\t\t<\/div>\n\t\t\t\t<\/div>\n\t\t\t\t<div class=\"elementor-element elementor-element-0fc850c elementor-widget elementor-widget-text-editor\" data-id=\"0fc850c\" data-element_type=\"widget\" data-widget_type=\"text-editor.default\">\n\t\t\t\t<div class=\"elementor-widget-container\">\n\t\t\t\t\t\t\t\t\t500,\u2014 \u20bd (Rubel) \/ erm. 400,- \u20bd\t\t\t\t\t\t\t\t<\/div>\n\t\t\t\t<\/div>\n\t\t\t\t\t<\/div>\n\t\t<\/div>\n\t\t\t\t<div class=\"elementor-column elementor-col-33 elementor-inner-column elementor-element elementor-element-3ef813a\" data-id=\"3ef813a\" data-element_type=\"column\">\n\t\t\t<div class=\"elementor-widget-wrap elementor-element-populated\">\n\t\t\t\t\t\t<div class=\"elementor-element elementor-element-7e9ece6 elementor-widget elementor-widget-heading\" data-id=\"7e9ece6\" data-element_type=\"widget\" data-widget_type=\"heading.default\">\n\t\t\t\t<div class=\"elementor-widget-container\">\n\t\t\t\t\t<h2 class=\"elementor-heading-title elementor-size-default\">Adresse: <\/h2>\t\t\t\t<\/div>\n\t\t\t\t<\/div>\n\t\t\t\t<div class=\"elementor-element elementor-element-e21f529 elementor-widget elementor-widget-text-editor\" data-id=\"e21f529\" data-element_type=\"widget\" data-widget_type=\"text-editor.default\">\n\t\t\t\t<div class=\"elementor-widget-container\">\n\t\t\t\t\t\t\t\t\t236006 Kaliningradm ul.<br>\nOktyabrskaya 1a\t\t\t\t\t\t\t\t<\/div>\n\t\t\t\t<\/div>\n\t\t\t\t<div class=\"elementor-element elementor-element-2480665 elementor-widget elementor-widget-heading\" data-id=\"2480665\" data-element_type=\"widget\" data-widget_type=\"heading.default\">\n\t\t\t\t<div class=\"elementor-widget-container\">\n\t\t\t\t\t<h2 class=\"elementor-heading-title elementor-size-default\">Besucherabteilung:<\/h2>\t\t\t\t<\/div>\n\t\t\t\t<\/div>\n\t\t\t\t<div class=\"elementor-element elementor-element-cd8c62e elementor-widget elementor-widget-text-editor\" data-id=\"cd8c62e\" data-element_type=\"widget\" data-widget_type=\"text-editor.default\">\n\t\t\t\t<div class=\"elementor-widget-container\">\n\t\t\t\t\t\t\t\t\tvisitor@jmkaliningrad.org<br>\n\n+7 921 008 2500\t\t\t\t\t\t\t\t<\/div>\n\t\t\t\t<\/div>\n\t\t\t\t\t<\/div>\n\t\t<\/div>\n\t\t\t\t<div class=\"elementor-column elementor-col-33 elementor-inner-column elementor-element elementor-element-e76cf63\" data-id=\"e76cf63\" data-element_type=\"column\">\n\t\t\t<div class=\"elementor-widget-wrap elementor-element-populated\">\n\t\t\t\t\t\t<div class=\"elementor-element elementor-element-ee4934a elementor-widget elementor-widget-button\" data-id=\"ee4934a\" data-element_type=\"widget\" data-widget_type=\"button.default\">\n\t\t\t\t<div class=\"elementor-widget-container\">\n\t\t\t\t\t\t\t\t\t<div class=\"elementor-button-wrapper\">\n\t\t\t\t\t<a class=\"elementor-button elementor-button-link elementor-size-sm\" href=\"http:\/\/sinagoga39.tilda.ws\/\" target=\"_blank\">\n\t\t\t\t\t\t<span class=\"elementor-button-content-wrapper\">\n\t\t\t\t\t\t\t\t\t<span class=\"elementor-button-text\">Synagoge Kaliningrad (Russisch)<\/span>\n\t\t\t\t\t<\/span>\n\t\t\t\t\t<\/a>\n\t\t\t\t<\/div>\n\t\t\t\t\t\t\t\t<\/div>\n\t\t\t\t<\/div>\n\t\t\t\t<div class=\"elementor-element elementor-element-509248f elementor-widget elementor-widget-button\" data-id=\"509248f\" data-element_type=\"widget\" data-widget_type=\"button.default\">\n\t\t\t\t<div class=\"elementor-widget-container\">\n\t\t\t\t\t\t\t\t\t<div class=\"elementor-button-wrapper\">\n\t\t\t\t\t<a class=\"elementor-button elementor-button-link elementor-size-sm\" href=\"https:\/\/jewsineastprussia.de\/\" target=\"_blank\">\n\t\t\t\t\t\t<span class=\"elementor-button-content-wrapper\">\n\t\t\t\t\t\t\t\t\t<span class=\"elementor-button-text\">Verein Juden in Ostpreu\u00dfen <\/span>\n\t\t\t\t\t<\/span>\n\t\t\t\t\t<\/a>\n\t\t\t\t<\/div>\n\t\t\t\t\t\t\t\t<\/div>\n\t\t\t\t<\/div>\n\t\t\t\t<div class=\"elementor-element elementor-element-e3eec6b elementor-widget elementor-widget-heading\" data-id=\"e3eec6b\" data-element_type=\"widget\" data-widget_type=\"heading.default\">\n\t\t\t\t<div class=\"elementor-widget-container\">\n\t\t\t\t\t<h2 class=\"elementor-heading-title elementor-size-default\">Hier kann man das Museum aus der Ferne unterst\u00fctzen:<\/h2>\t\t\t\t<\/div>\n\t\t\t\t<\/div>\n\t\t\t\t<div class=\"elementor-element elementor-element-9260ffe elementor-hidden-desktop elementor-hidden-tablet elementor-hidden-mobile elementor-widget elementor-widget-button\" data-id=\"9260ffe\" data-element_type=\"widget\" data-widget_type=\"button.default\">\n\t\t\t\t<div class=\"elementor-widget-container\">\n\t\t\t\t\t\t\t\t\t<div class=\"elementor-button-wrapper\">\n\t\t\t\t\t<a class=\"elementor-button elementor-button-link elementor-size-sm\" href=\"https:\/\/www.paypal.com\/donate\/?hosted_button_id=QR4UHZNGEJUYW\">\n\t\t\t\t\t\t<span class=\"elementor-button-content-wrapper\">\n\t\t\t\t\t\t\t\t\t<span class=\"elementor-button-text\">Spenden<\/span>\n\t\t\t\t\t<\/span>\n\t\t\t\t\t<\/a>\n\t\t\t\t<\/div>\n\t\t\t\t\t\t\t\t<\/div>\n\t\t\t\t<\/div>\n\t\t\t\t<div class=\"elementor-element elementor-element-097ff6e elementor-widget elementor-widget-shortcode\" data-id=\"097ff6e\" data-element_type=\"widget\" data-widget_type=\"shortcode.default\">\n\t\t\t\t<div class=\"elementor-widget-container\">\n\t\t\t\t\t\n\t<div class=\"elementor-element elementor-element-9260ffe elementor-widget elementor-widget-button\" data-id=\"9260ffe\" data-element_type=\"widget\" data-widget_type=\"button.default\">\n      <div class=\"elementor-widget-container\">\n\t\t<div class=\"elementor-button-wrapper\">\n\t\t  <a href=\"https:\/\/www.paypal.com\/donate\/?hosted_button_id=QR4UHZNGEJUYW\" class=\"elementor-button-link elementor-button elementor-size-sm\" role=\"button\" target=\"_blank\">\n\t\t    <span class=\"elementor-button-content-wrapper\">\n\t\t\t  <span class=\"elementor-button-text\">Spende<\/span>\n\t\t\t<\/span>\n\t\t  <\/a>\n\t\t<\/div>\n\t  <\/div>\n\t<\/div>\t\t<div class=\"elementor-shortcode\"><\/div>\n\t\t\t\t\t\t<\/div>\n\t\t\t\t<\/div>\n\t\t\t\t\t<\/div>\n\t\t<\/div>\n\t\t\t\t\t<\/div>\n\t\t<\/section>\n\t\t\t\t\t<\/div>\n\t\t<\/div>\n\t\t\t\t\t<\/div>\n\t\t<\/section>\n\t\t\t\t<section class=\"elementor-section elementor-top-section elementor-element elementor-element-ca87a02 elementor-section-boxed elementor-section-height-default elementor-section-height-default\" data-id=\"ca87a02\" data-element_type=\"section\" data-settings=\"{&quot;background_background&quot;:&quot;classic&quot;}\">\n\t\t\t\t\t\t<div class=\"elementor-container elementor-column-gap-default\">\n\t\t\t\t\t<div class=\"elementor-column elementor-col-100 elementor-top-column elementor-element elementor-element-9a58584\" data-id=\"9a58584\" data-element_type=\"column\">\n\t\t\t<div class=\"elementor-widget-wrap elementor-element-populated\">\n\t\t\t\t\t\t<div class=\"elementor-element elementor-element-75dad16 elementor--h-position-center elementor--v-position-middle elementor-arrows-position-inside elementor-pagination-position-inside elementor-widget elementor-widget-slides\" data-id=\"75dad16\" data-element_type=\"widget\" data-settings=\"{&quot;navigation&quot;:&quot;both&quot;,&quot;autoplay&quot;:&quot;yes&quot;,&quot;pause_on_hover&quot;:&quot;yes&quot;,&quot;pause_on_interaction&quot;:&quot;yes&quot;,&quot;autoplay_speed&quot;:5000,&quot;infinite&quot;:&quot;yes&quot;,&quot;transition&quot;:&quot;slide&quot;,&quot;transition_speed&quot;:500}\" data-widget_type=\"slides.default\">\n\t\t\t\t<div class=\"elementor-widget-container\">\n\t\t\t\t\t\t\t\t\t<div class=\"elementor-swiper\">\n\t\t\t\t\t<div class=\"elementor-slides-wrapper elementor-main-swiper swiper\" role=\"region\" aria-roledescription=\"carousel\" aria-label=\"Slider\" dir=\"ltr\" data-animation=\"fadeInUp\">\n\t\t\t\t<div class=\"swiper-wrapper elementor-slides\">\n\t\t\t\t\t\t\t\t\t\t<div class=\"elementor-repeater-item-9575799 swiper-slide\" role=\"group\" aria-roledescription=\"slide\"><div class=\"swiper-slide-bg\" role=\"img\"><\/div><div class=\"swiper-slide-inner\" ><div class=\"swiper-slide-contents\"><\/div><\/div><\/div><div class=\"elementor-repeater-item-ee40d49 swiper-slide\" role=\"group\" aria-roledescription=\"slide\"><div class=\"swiper-slide-bg\" role=\"img\"><\/div><div class=\"swiper-slide-inner\" ><div class=\"swiper-slide-contents\"><\/div><\/div><\/div><div class=\"elementor-repeater-item-65360b4 swiper-slide\" role=\"group\" aria-roledescription=\"slide\"><div class=\"swiper-slide-bg\" role=\"img\"><\/div><div class=\"swiper-slide-inner\" ><div class=\"swiper-slide-contents\"><\/div><\/div><\/div><div class=\"elementor-repeater-item-78fadeb swiper-slide\" role=\"group\" aria-roledescription=\"slide\"><div class=\"swiper-slide-bg\" role=\"img\"><\/div><div class=\"swiper-slide-inner\" ><div class=\"swiper-slide-contents\"><\/div><\/div><\/div><div class=\"elementor-repeater-item-c7d4677 swiper-slide\" role=\"group\" aria-roledescription=\"slide\"><div class=\"swiper-slide-bg\" role=\"img\"><\/div><div class=\"swiper-slide-inner\" ><div class=\"swiper-slide-contents\"><\/div><\/div><\/div><div class=\"elementor-repeater-item-e95c2d7 swiper-slide\" role=\"group\" aria-roledescription=\"slide\"><div class=\"swiper-slide-bg\" role=\"img\"><\/div><div class=\"swiper-slide-inner\" ><div class=\"swiper-slide-contents\"><\/div><\/div><\/div><div class=\"elementor-repeater-item-81ce25c swiper-slide\" role=\"group\" aria-roledescription=\"slide\"><div class=\"swiper-slide-bg\" role=\"img\"><\/div><div class=\"swiper-slide-inner\" ><div class=\"swiper-slide-contents\"><\/div><\/div><\/div>\t\t\t\t<\/div>\n\t\t\t\t\t\t\t\t\t\t\t\t\t\t\t<div class=\"elementor-swiper-button elementor-swiper-button-prev\" role=\"button\" tabindex=\"0\" aria-label=\"Previous slide\">\n\t\t\t\t\t\t\t<i aria-hidden=\"true\" class=\"eicon-chevron-left\"><\/i>\t\t\t\t\t\t<\/div>\n\t\t\t\t\t\t<div class=\"elementor-swiper-button elementor-swiper-button-next\" role=\"button\" tabindex=\"0\" aria-label=\"Next slide\">\n\t\t\t\t\t\t\t<i aria-hidden=\"true\" class=\"eicon-chevron-right\"><\/i>\t\t\t\t\t\t<\/div>\n\t\t\t\t\t\t\t\t\t\t\t\t\t\t\t\t<div class=\"swiper-pagination\"><\/div>\n\t\t\t\t\t\t\t\t\t\t\t\t<\/div>\n\t\t\t\t<\/div>\n\t\t\t\t\t\t\t\t<\/div>\n\t\t\t\t<\/div>\n\t\t\t\t\t<\/div>\n\t\t<\/div>\n\t\t\t\t\t<\/div>\n\t\t<\/section>\n\t\t\t\t<section class=\"elementor-section elementor-top-section elementor-element elementor-element-1340230 elementor-section-boxed elementor-section-height-default elementor-section-height-default\" data-id=\"1340230\" data-element_type=\"section\">\n\t\t\t\t\t\t<div class=\"elementor-container elementor-column-gap-default\">\n\t\t\t\t\t<div class=\"elementor-column elementor-col-100 elementor-top-column elementor-element elementor-element-eee64fb\" data-id=\"eee64fb\" data-element_type=\"column\">\n\t\t\t<div class=\"elementor-widget-wrap elementor-element-populated\">\n\t\t\t\t\t\t<div class=\"elementor-element elementor-element-e8027c7 elementor-widget elementor-widget-heading\" data-id=\"e8027c7\" data-element_type=\"widget\" data-widget_type=\"heading.default\">\n\t\t\t\t<div class=\"elementor-widget-container\">\n\t\t\t\t\t<h2 class=\"elementor-heading-title elementor-size-default\">\u00dcber das Museum<\/h2>\t\t\t\t<\/div>\n\t\t\t\t<\/div>\n\t\t\t\t\t<\/div>\n\t\t<\/div>\n\t\t\t\t\t<\/div>\n\t\t<\/section>\n\t\t\t\t<section class=\"elementor-section elementor-top-section elementor-element elementor-element-3d5bdc2 elementor-section-boxed elementor-section-height-default elementor-section-height-default\" data-id=\"3d5bdc2\" data-element_type=\"section\" data-settings=\"{&quot;background_background&quot;:&quot;classic&quot;}\">\n\t\t\t\t\t\t<div class=\"elementor-container elementor-column-gap-default\">\n\t\t\t\t\t<div class=\"elementor-column elementor-col-100 elementor-top-column elementor-element elementor-element-4cee5b2\" data-id=\"4cee5b2\" data-element_type=\"column\">\n\t\t\t<div class=\"elementor-widget-wrap elementor-element-populated\">\n\t\t\t\t\t\t<div class=\"elementor-element elementor-element-f6a4bef elementor-widget elementor-widget-text-editor\" data-id=\"f6a4bef\" data-element_type=\"widget\" data-widget_type=\"text-editor.default\">\n\t\t\t\t<div class=\"elementor-widget-container\">\n\t\t\t\t\t\t\t\t\tGeschichte und Kultur des j\u00fcdischen K\u00f6nigsbergs stehen im Mittelpunkt der ersten Dauerausstellung im Museum in der Synagoge Kaliningrad. Hier wird europ\u00e4ische j\u00fcdische Geschichte durch das Prisma der Region dargestellt. Im ersten Abschnitt \u201eKommen\u201c schildern sieben Biografien vielf\u00e4ltige Formen j\u00fcdischer Zuwanderung litauischer, polnischer und russischer Juden nach K\u00f6nigsberg. Das Kapitel \u201eBleiben\u201c zeigt K\u00f6nigsberg aus j\u00fcdischem Blick mit den spezifischen Pr\u00e4gungen der Hafen- und Universit\u00e4tsstadt sowie deren europ\u00e4ische Vernetzung.<br><br>\nIm Mittelpunkt des Abschnitts \u201eVertreibung\u201c stehen Erinnerungen von Sch\u00fclerinnen und Sch\u00fclern, die zwischen 1936\u20131942 die j\u00fcdische Schule in der Synagoge K\u00f6nigsberg besuchten und hier trotz der widrigen Umst\u00e4nde dank ihrer engagierten Lehrerinnen und Lehrer auf eine stolze j\u00fcdische Zukunft vorbereitet wurden. Das Lichtrad, mit dessen Hilfe der Besucher die Erz\u00e4hlungen der Personen und der Sprachen (Russisch, Englisch, Deutsch. Hebr\u00e4isch) ausw\u00e4hlen k\u00f6nnen, symbolisiert den Erdball, \u00fcber den hinweg die j\u00fcdischen Familien K\u00f6nigsbergs verstreut wurden.<br><br>  \nDie drei kantigen Inseln im Raum, die den Abschnitt der \u201eVernichtung\u201c beinhalten, st\u00f6ren die Atmosph\u00e4re des Raumes gewollt. Sie verdeutlichen mit den durch Graphic Novels transportierten Inhalten den Zivilisationsbruch, der hier durch Deportation, Zwangsarbeit und Holocaust geschah. Der Fokus liegt dabei auf Verbrechen, die in der Region stattfanden. Ein Wei\u00dfmodell schildert die erste Deportation, bei der Betrachtung einer weiteren Insel erfahren die Besucher, das sich auf dem Terrain der zerst\u00f6rten Synagoge Baracken f\u00fcr j\u00fcdische Zwangsarbeiter befanden. Auf der dritten Insel wird die Geschichte des Todesmarsches nach Palmnicken dargestellt. \nZum ersten Mal werden in der Kaliningrader Museumslandschaft L\u00fccken geschlossen, die sich auf die Geschichte der Juden in der Stadt und Region und auf eine europ\u00e4ische Verankerung von K\u00f6nigsberg\/Kaliningrad beziehen. Weitere Teile der Ausstellung \u00fcber die Nachkriegszeit und die Geschichte der Kaliningrader Juden sind geplant.\t\t\t\t\t\t\t\t<\/div>\n\t\t\t\t<\/div>\n\t\t\t\t\t<\/div>\n\t\t<\/div>\n\t\t\t\t\t<\/div>\n\t\t<\/section>\n\t\t\t\t<\/div>\n\t\t","protected":false},"excerpt":{"rendered":"<p>Museum Neue Synagoge Kaliningrad \u00d6ffnungszeiten: Sonntag &#8211; Donnerstag 10 -18 Uhr Freitag 10 &#8211; 14 Uhr Samstag geschlossen Eintritt: 500,\u2014 \u20bd (Rubel) \/ erm. 400,- \u20bd Adresse: 236006 Kaliningradm ul. Oktyabrskaya 1a Besucherabteilung: visitor@jmkaliningrad.org +7 921 008 2500 Synagoge Kaliningrad (Russisch) Verein Juden in Ostpreu\u00dfen Hier kann man das Museum aus der Ferne unterst\u00fctzen: Spenden [&hellip;]<\/p>\n","protected":false},"author":4,"featured_media":0,"parent":0,"menu_order":0,"comment_status":"closed","ping_status":"closed","template":"","meta":{"footnotes":""},"class_list":["post-27","page","type-page","status-publish","hentry"],"_links":{"self":[{"href":"https:\/\/jmkaliningrad.org\/de\/wp-json\/wp\/v2\/pages\/27","targetHints":{"allow":["GET"]}}],"collection":[{"href":"https:\/\/jmkaliningrad.org\/de\/wp-json\/wp\/v2\/pages"}],"about":[{"href":"https:\/\/jmkaliningrad.org\/de\/wp-json\/wp\/v2\/types\/page"}],"author":[{"embeddable":true,"href":"https:\/\/jmkaliningrad.org\/de\/wp-json\/wp\/v2\/users\/4"}],"replies":[{"embeddable":true,"href":"https:\/\/jmkaliningrad.org\/de\/wp-json\/wp\/v2\/comments?post=27"}],"version-history":[{"count":178,"href":"https:\/\/jmkaliningrad.org\/de\/wp-json\/wp\/v2\/pages\/27\/revisions"}],"predecessor-version":[{"id":3346,"href":"https:\/\/jmkaliningrad.org\/de\/wp-json\/wp\/v2\/pages\/27\/revisions\/3346"}],"wp:attachment":[{"href":"https:\/\/jmkaliningrad.org\/de\/wp-json\/wp\/v2\/media?parent=27"}],"curies":[{"name":"wp","href":"https:\/\/api.w.org\/{rel}","templated":true}]}}