{"id":1931,"date":"2022-03-31T10:34:02","date_gmt":"2022-03-31T08:34:02","guid":{"rendered":"https:\/\/jmkaliningrad.org\/?page_id=1931"},"modified":"2025-07-08T21:27:24","modified_gmt":"2025-07-08T19:27:24","slug":"elementor-1931","status":"publish","type":"page","link":"https:\/\/jmkaliningrad.org\/de\/elementor-1931\/","title":{"rendered":"Impressum"},"content":{"rendered":"\t\t<div data-elementor-type=\"wp-page\" data-elementor-id=\"1931\" class=\"elementor elementor-1931\" data-elementor-post-type=\"page\">\n\t\t\t\t\t\t<section class=\"elementor-section elementor-top-section elementor-element elementor-element-85599a0 elementor-section-boxed elementor-section-height-default elementor-section-height-default\" data-id=\"85599a0\" data-element_type=\"section\">\n\t\t\t\t\t\t<div class=\"elementor-container elementor-column-gap-default\">\n\t\t\t\t\t<div class=\"elementor-column elementor-col-100 elementor-top-column elementor-element elementor-element-ae76941\" data-id=\"ae76941\" data-element_type=\"column\">\n\t\t\t<div class=\"elementor-widget-wrap elementor-element-populated\">\n\t\t\t\t\t\t<div class=\"elementor-element elementor-element-53eb4ce elementor-widget elementor-widget-heading\" data-id=\"53eb4ce\" data-element_type=\"widget\" data-widget_type=\"heading.default\">\n\t\t\t\t<div class=\"elementor-widget-container\">\n\t\t\t\t\t<h2 class=\"elementor-heading-title elementor-size-default\">impressum <\/h2>\t\t\t\t<\/div>\n\t\t\t\t<\/div>\n\t\t\t\t\t<\/div>\n\t\t<\/div>\n\t\t\t\t\t<\/div>\n\t\t<\/section>\n\t\t\t\t<section class=\"elementor-section elementor-top-section elementor-element elementor-element-509e937 elementor-section-boxed elementor-section-height-default elementor-section-height-default\" data-id=\"509e937\" data-element_type=\"section\">\n\t\t\t\t\t\t<div class=\"elementor-container elementor-column-gap-default\">\n\t\t\t\t\t<div class=\"elementor-column elementor-col-100 elementor-top-column elementor-element elementor-element-d054d3a\" data-id=\"d054d3a\" data-element_type=\"column\">\n\t\t\t<div class=\"elementor-widget-wrap elementor-element-populated\">\n\t\t\t\t\t\t<section class=\"elementor-section elementor-inner-section elementor-element elementor-element-e10c0ec elementor-section-boxed elementor-section-height-default elementor-section-height-default\" data-id=\"e10c0ec\" data-element_type=\"section\">\n\t\t\t\t\t\t<div class=\"elementor-container elementor-column-gap-default\">\n\t\t\t\t\t<div class=\"elementor-column elementor-col-100 elementor-inner-column elementor-element elementor-element-6882b6c\" data-id=\"6882b6c\" data-element_type=\"column\">\n\t\t\t<div class=\"elementor-widget-wrap elementor-element-populated\">\n\t\t\t\t\t\t<div class=\"elementor-element elementor-element-432c752 elementor-widget elementor-widget-text-editor\" data-id=\"432c752\" data-element_type=\"widget\" data-widget_type=\"text-editor.default\">\n\t\t\t\t<div class=\"elementor-widget-container\">\n\t\t\t\t\t\t\t\t\t<p>MUSEUMSSTANDORT<\/p><p>Neue Synagoge von Kaliningrad<br \/>ul. Oktyabrskaya 1a<br \/>236006 Kaliningrad<br \/>Russische F\u00f6deration, Kaliningrad Oblast<br \/>visitor@jmkaliningrad.org<br \/>+7 909 791 8178<\/p><p>Betreiber der Webseite sind die Kuratoren der Ausstellung im Museum Neue Synagoge Kaliningrad:<\/p><p>Juden in Ostpreussen, Verein zur Geschichte und Kultur e.V.<br \/>Postkasten 48<br \/>Friedrichstr. 95<br \/>10117 Berlin<br \/>Deutschland<\/p><p>Verantwortlich im Sinne des Presserechts<br \/>Vorsitzende Prof. Dr. Ruth Leiserowitz<br \/>E-Mail info@judeninostpreussen.de<br \/>Fax +49-30-2096 3950<\/p><p>Facebook (English international) www.facebook.com\/Jewsineastprussia<br \/>Facebook (Deutsch) www.facebook.com\/Judeninostpreussen<br \/>Facebook (Russisch) www.facebook.com\/evrejvvostochnejprusii<\/p><p>Amtsgericht Charlottenburg<br \/>Reg. Nr. 24883 Nz<\/p><p>Wir sind wegen F\u00f6rderung gemeinn\u00fctziger Zwecke insbesondere der F\u00f6rderung kultuereller Zwecke durch Bescheinigung des Finanzamtes f\u00fcr K\u00f6rperschaften I Berlin, Steuernummer 27\/669\/53052, nach \u00a7 5 Abs- 1 Nr. 9 des K\u00f6rperschaftssteuergesetzes von der K\u00f6rperschaftssteuer befreit.<\/p><p>Letzter Freistellungsbescheid v. 24.06.2024 (wirksam bis 2029). Wir sind berechtigt f\u00fcr Spenden Zuwendungsbest\u00e4tigungen auszustellen.<\/p><p>EXHIBITION DESIGN, ILLUSTRATION, WEBSITE, APP<\/p><p>Tatiana Pinz\u00f3n, Tamara Siewert, Paul Holtorf, Melina W\u00fcstner, Ilka Zoche, Alexander Fleischmann, Konstatin Richter, Bertil Brahm<\/p><p>GESTALTUNG UND UMSETZUNG<\/p><p><a href=\"https:\/\/kocmoc.net\/\" target=\"_blank\" rel=\"noopener\">Kocmoc.net GmbH, Leipzig<\/a><\/p>\t\t\t\t\t\t\t\t<\/div>\n\t\t\t\t<\/div>\n\t\t\t\t\t<\/div>\n\t\t<\/div>\n\t\t\t\t\t<\/div>\n\t\t<\/section>\n\t\t\t\t\t<\/div>\n\t\t<\/div>\n\t\t\t\t\t<\/div>\n\t\t<\/section>\n\t\t\t\t<section class=\"elementor-section elementor-top-section elementor-element elementor-element-fdf60cd elementor-section-boxed elementor-section-height-default elementor-section-height-default\" data-id=\"fdf60cd\" data-element_type=\"section\">\n\t\t\t\t\t\t<div class=\"elementor-container elementor-column-gap-default\">\n\t\t\t\t\t<div class=\"elementor-column elementor-col-25 elementor-top-column elementor-element elementor-element-277088c\" data-id=\"277088c\" data-element_type=\"column\">\n\t\t\t<div class=\"elementor-widget-wrap elementor-element-populated\">\n\t\t\t\t\t\t<div class=\"elementor-element elementor-element-d7459e5 elementor-widget elementor-widget-image\" data-id=\"d7459e5\" data-element_type=\"widget\" data-widget_type=\"image.default\">\n\t\t\t\t<div class=\"elementor-widget-container\">\n\t\t\t\t\t\t\t\t\t\t\t\t\t\t\t<img fetchpriority=\"high\" decoding=\"async\" width=\"1024\" height=\"420\" src=\"https:\/\/jmkaliningrad.org\/wp-content\/uploads\/2022\/04\/JIOP_Logo_Medium_blau_DE-1024x420.png\" class=\"attachment-large size-large wp-image-2365\" alt=\"\" srcset=\"https:\/\/jmkaliningrad.org\/wp-content\/uploads\/2022\/04\/JIOP_Logo_Medium_blau_DE-1024x420.png 1024w, https:\/\/jmkaliningrad.org\/wp-content\/uploads\/2022\/04\/JIOP_Logo_Medium_blau_DE-300x123.png 300w, https:\/\/jmkaliningrad.org\/wp-content\/uploads\/2022\/04\/JIOP_Logo_Medium_blau_DE-768x315.png 768w, https:\/\/jmkaliningrad.org\/wp-content\/uploads\/2022\/04\/JIOP_Logo_Medium_blau_DE-1536x631.png 1536w, https:\/\/jmkaliningrad.org\/wp-content\/uploads\/2022\/04\/JIOP_Logo_Medium_blau_DE-2048x841.png 2048w\" sizes=\"(max-width: 1024px) 100vw, 1024px\" \/>\t\t\t\t\t\t\t\t\t\t\t\t\t\t\t<\/div>\n\t\t\t\t<\/div>\n\t\t\t\t\t<\/div>\n\t\t<\/div>\n\t\t\t\t<div class=\"elementor-column elementor-col-25 elementor-top-column elementor-element elementor-element-16f0339\" data-id=\"16f0339\" data-element_type=\"column\">\n\t\t\t<div class=\"elementor-widget-wrap elementor-element-populated\">\n\t\t\t\t\t\t<div class=\"elementor-element elementor-element-36b2fd4 elementor-widget elementor-widget-image\" data-id=\"36b2fd4\" data-element_type=\"widget\" data-widget_type=\"image.default\">\n\t\t\t\t<div class=\"elementor-widget-container\">\n\t\t\t\t\t\t\t\t\t\t\t\t\t\t\t<img decoding=\"async\" width=\"1024\" height=\"410\" src=\"https:\/\/jmkaliningrad.org\/wp-content\/uploads\/2022\/04\/JIOP_Logo_Medium_blau_EN-1024x410.png\" class=\"attachment-large size-large wp-image-2361\" alt=\"\" srcset=\"https:\/\/jmkaliningrad.org\/wp-content\/uploads\/2022\/04\/JIOP_Logo_Medium_blau_EN-1024x410.png 1024w, https:\/\/jmkaliningrad.org\/wp-content\/uploads\/2022\/04\/JIOP_Logo_Medium_blau_EN-300x120.png 300w, https:\/\/jmkaliningrad.org\/wp-content\/uploads\/2022\/04\/JIOP_Logo_Medium_blau_EN-768x307.png 768w, https:\/\/jmkaliningrad.org\/wp-content\/uploads\/2022\/04\/JIOP_Logo_Medium_blau_EN-1536x615.png 1536w, https:\/\/jmkaliningrad.org\/wp-content\/uploads\/2022\/04\/JIOP_Logo_Medium_blau_EN-2048x820.png 2048w\" sizes=\"(max-width: 1024px) 100vw, 1024px\" \/>\t\t\t\t\t\t\t\t\t\t\t\t\t\t\t<\/div>\n\t\t\t\t<\/div>\n\t\t\t\t\t<\/div>\n\t\t<\/div>\n\t\t\t\t<div class=\"elementor-column elementor-col-25 elementor-top-column elementor-element elementor-element-90a1c34\" data-id=\"90a1c34\" data-element_type=\"column\">\n\t\t\t<div class=\"elementor-widget-wrap elementor-element-populated\">\n\t\t\t\t\t\t<div class=\"elementor-element elementor-element-6f05c86 elementor-widget elementor-widget-image\" data-id=\"6f05c86\" data-element_type=\"widget\" data-widget_type=\"image.default\">\n\t\t\t\t<div class=\"elementor-widget-container\">\n\t\t\t\t\t\t\t\t\t\t\t\t\t\t\t<img decoding=\"async\" width=\"1024\" height=\"401\" src=\"https:\/\/jmkaliningrad.org\/wp-content\/uploads\/2022\/04\/JIOP_Logo_Medium_blau_RU-1024x401.png\" class=\"attachment-large size-large wp-image-2357\" alt=\"\" srcset=\"https:\/\/jmkaliningrad.org\/wp-content\/uploads\/2022\/04\/JIOP_Logo_Medium_blau_RU-1024x401.png 1024w, https:\/\/jmkaliningrad.org\/wp-content\/uploads\/2022\/04\/JIOP_Logo_Medium_blau_RU-300x118.png 300w, https:\/\/jmkaliningrad.org\/wp-content\/uploads\/2022\/04\/JIOP_Logo_Medium_blau_RU-768x301.png 768w, https:\/\/jmkaliningrad.org\/wp-content\/uploads\/2022\/04\/JIOP_Logo_Medium_blau_RU-1536x602.png 1536w, https:\/\/jmkaliningrad.org\/wp-content\/uploads\/2022\/04\/JIOP_Logo_Medium_blau_RU-2048x803.png 2048w\" sizes=\"(max-width: 1024px) 100vw, 1024px\" \/>\t\t\t\t\t\t\t\t\t\t\t\t\t\t\t<\/div>\n\t\t\t\t<\/div>\n\t\t\t\t\t<\/div>\n\t\t<\/div>\n\t\t\t\t<div class=\"elementor-column elementor-col-25 elementor-top-column elementor-element elementor-element-9be2443\" data-id=\"9be2443\" data-element_type=\"column\">\n\t\t\t<div class=\"elementor-widget-wrap elementor-element-populated\">\n\t\t\t\t\t\t<div class=\"elementor-element elementor-element-eb4cc9f elementor-widget elementor-widget-image\" data-id=\"eb4cc9f\" data-element_type=\"widget\" data-widget_type=\"image.default\">\n\t\t\t\t<div class=\"elementor-widget-container\">\n\t\t\t\t\t\t\t\t\t\t\t\t\t\t\t<img loading=\"lazy\" decoding=\"async\" width=\"1024\" height=\"449\" src=\"https:\/\/jmkaliningrad.org\/wp-content\/uploads\/2022\/04\/JIOP_Logo_Medium_blau_HE-1024x449.png\" class=\"attachment-large size-large wp-image-2353\" alt=\"\" srcset=\"https:\/\/jmkaliningrad.org\/wp-content\/uploads\/2022\/04\/JIOP_Logo_Medium_blau_HE-1024x449.png 1024w, https:\/\/jmkaliningrad.org\/wp-content\/uploads\/2022\/04\/JIOP_Logo_Medium_blau_HE-300x132.png 300w, https:\/\/jmkaliningrad.org\/wp-content\/uploads\/2022\/04\/JIOP_Logo_Medium_blau_HE-768x337.png 768w, https:\/\/jmkaliningrad.org\/wp-content\/uploads\/2022\/04\/JIOP_Logo_Medium_blau_HE-1536x673.png 1536w, https:\/\/jmkaliningrad.org\/wp-content\/uploads\/2022\/04\/JIOP_Logo_Medium_blau_HE.png 2012w\" sizes=\"(max-width: 1024px) 100vw, 1024px\" \/>\t\t\t\t\t\t\t\t\t\t\t\t\t\t\t<\/div>\n\t\t\t\t<\/div>\n\t\t\t\t\t<\/div>\n\t\t<\/div>\n\t\t\t\t\t<\/div>\n\t\t<\/section>\n\t\t\t\t<\/div>\n\t\t","protected":false},"excerpt":{"rendered":"<p>impressum MUSEUMSSTANDORT Neue Synagoge von Kaliningradul. Oktyabrskaya 1a236006 KaliningradRussische F\u00f6deration, Kaliningrad Oblastvisitor@jmkaliningrad.org+7 909 791 8178 Betreiber der Webseite sind die Kuratoren der Ausstellung im Museum Neue Synagoge Kaliningrad: Juden in Ostpreussen, Verein zur Geschichte und Kultur e.V.Postkasten 48Friedrichstr. 9510117 BerlinDeutschland Verantwortlich im Sinne des PresserechtsVorsitzende Prof. Dr. Ruth LeiserowitzE-Mail info@judeninostpreussen.deFax +49-30-2096 3950 Facebook (English international) [&hellip;]<\/p>\n","protected":false},"author":4,"featured_media":0,"parent":0,"menu_order":0,"comment_status":"closed","ping_status":"closed","template":"","meta":{"footnotes":""},"class_list":["post-1931","page","type-page","status-publish","hentry"],"_links":{"self":[{"href":"https:\/\/jmkaliningrad.org\/de\/wp-json\/wp\/v2\/pages\/1931","targetHints":{"allow":["GET"]}}],"collection":[{"href":"https:\/\/jmkaliningrad.org\/de\/wp-json\/wp\/v2\/pages"}],"about":[{"href":"https:\/\/jmkaliningrad.org\/de\/wp-json\/wp\/v2\/types\/page"}],"author":[{"embeddable":true,"href":"https:\/\/jmkaliningrad.org\/de\/wp-json\/wp\/v2\/users\/4"}],"replies":[{"embeddable":true,"href":"https:\/\/jmkaliningrad.org\/de\/wp-json\/wp\/v2\/comments?post=1931"}],"version-history":[{"count":56,"href":"https:\/\/jmkaliningrad.org\/de\/wp-json\/wp\/v2\/pages\/1931\/revisions"}],"predecessor-version":[{"id":3654,"href":"https:\/\/jmkaliningrad.org\/de\/wp-json\/wp\/v2\/pages\/1931\/revisions\/3654"}],"wp:attachment":[{"href":"https:\/\/jmkaliningrad.org\/de\/wp-json\/wp\/v2\/media?parent=1931"}],"curies":[{"name":"wp","href":"https:\/\/api.w.org\/{rel}","templated":true}]}}